{"id":3475,"date":"2025-05-21T21:43:10","date_gmt":"2025-05-21T21:43:10","guid":{"rendered":"https:\/\/www.um.org\/umap2025\/?page_id=3475"},"modified":"2026-02-01T15:32:47","modified_gmt":"2026-02-01T20:32:47","slug":"social-events","status":"publish","type":"page","link":"https:\/\/www.um.org\/umap2026\/social-events\/","title":{"rendered":"Social Event\u200b"},"content":{"rendered":"\t\t<div data-elementor-type=\"wp-page\" data-elementor-id=\"3475\" class=\"elementor elementor-3475\">\n\t\t\t\t<div class=\"elementor-element elementor-element-281368a5 e-con-full e-flex e-con e-parent\" data-id=\"281368a5\" data-element_type=\"container\" id=\"umap-home-image\" data-settings=\"{&quot;background_background&quot;:&quot;classic&quot;,&quot;position&quot;:&quot;absolute&quot;}\">\n\t\t\t\t<\/div>\n\t\t<div class=\"elementor-element elementor-element-667ccbe5 e-con-full umap-title e-flex e-con e-parent\" data-id=\"667ccbe5\" data-element_type=\"container\" data-settings=\"{&quot;background_background&quot;:&quot;classic&quot;}\">\n\t\t\t\t<div class=\"elementor-element elementor-element-58cb84bb elementor-widget elementor-widget-heading\" data-id=\"58cb84bb\" data-element_type=\"widget\" data-widget_type=\"heading.default\">\n\t\t\t\t<div class=\"elementor-widget-container\">\n\t\t\t<h1 class=\"elementor-heading-title elementor-size-default\">Social Events<\/h1>\t\t<\/div>\n\t\t\t\t<\/div>\n\t\t\t\t<\/div>\n\t\t<div class=\"elementor-element elementor-element-208869ab e-con-full e-flex e-con e-parent\" data-id=\"208869ab\" data-element_type=\"container\">\n\t\t\t\t<div class=\"elementor-element elementor-element-2dc6ee27 elementor-widget elementor-widget-spacer\" data-id=\"2dc6ee27\" data-element_type=\"widget\" data-widget_type=\"spacer.default\">\n\t\t\t\t<div class=\"elementor-widget-container\">\n\t\t\t\t\t<div class=\"elementor-spacer\">\n\t\t\t<div class=\"elementor-spacer-inner\"><\/div>\n\t\t<\/div>\n\t\t\t\t<\/div>\n\t\t\t\t<\/div>\n\t\t\t\t<\/div>\n\t\t<div class=\"elementor-element elementor-element-8b6491b umap-ast-container e-flex e-con-boxed e-con e-parent\" data-id=\"8b6491b\" data-element_type=\"container\">\n\t\t\t\t\t<div class=\"e-con-inner\">\n\t\t<div class=\"elementor-element elementor-element-2f44955 no-margin-paragraph e-con-full e-flex e-con e-child\" data-id=\"2f44955\" data-element_type=\"container\">\n\t\t\t\t<div class=\"elementor-element elementor-element-1f58c62 heading-bottom-margin elementor-widget elementor-widget-heading\" data-id=\"1f58c62\" data-element_type=\"widget\" data-widget_type=\"heading.default\">\n\t\t\t\t<div class=\"elementor-widget-container\">\n\t\t\t<h3 class=\"elementor-heading-title elementor-size-default\">Conference Dinner<\/h3>\t\t<\/div>\n\t\t\t\t<\/div>\n\t\t\t\t<div class=\"elementor-element elementor-element-0815243 elementor-widget elementor-widget-text-editor\" data-id=\"0815243\" data-element_type=\"widget\" data-widget_type=\"text-editor.default\">\n\t\t\t\t<div class=\"elementor-widget-container\">\n\t\t\t\t\t\t\t<p data-start=\"216\" data-end=\"549\"><b data-path-to-node=\"19\" data-index-in-node=\"18\">Venue:<\/b> <a href=\"https:\/\/maps.app.goo.gl\/zDZnk98UtmEQoqf38\">Universeum Science Center<\/a><br \/><b data-path-to-node=\"19\" data-index-in-node=\"51\">Address:<\/b> S\u00f6dra V\u00e4gen 50, 400 20 G\u00f6teborg<br \/><b data-path-to-node=\"19\" data-index-in-node=\"92\">Transport:<\/b> The closest public transport stop is <a href=\"https:\/\/maps.app.goo.gl\/N1V1H1rtPpJFL7fu5\"><b data-path-to-node=\"19\" data-index-in-node=\"140\">Korsv\u00e4gen<\/b><\/a>.<\/p>\t\t\t\t\t\t<\/div>\n\t\t\t\t<\/div>\n\t\t<div class=\"elementor-element elementor-element-6f7ed10 e-con-full e-flex e-con e-child\" data-id=\"6f7ed10\" data-element_type=\"container\">\n\t\t\t\t<div class=\"elementor-element elementor-element-600eb3b elementor-widget elementor-widget-spacer\" data-id=\"600eb3b\" data-element_type=\"widget\" data-widget_type=\"spacer.default\">\n\t\t\t\t<div class=\"elementor-widget-container\">\n\t\t\t\t\t<div class=\"elementor-spacer\">\n\t\t\t<div class=\"elementor-spacer-inner\"><\/div>\n\t\t<\/div>\n\t\t\t\t<\/div>\n\t\t\t\t<\/div>\n\t\t\t\t<div class=\"elementor-element elementor-element-6c7e319 heading-bottom-margin elementor-widget elementor-widget-heading\" data-id=\"6c7e319\" data-element_type=\"widget\" data-widget_type=\"heading.default\">\n\t\t\t\t<div class=\"elementor-widget-container\">\n\t\t\t<h3 class=\"elementor-heading-title elementor-size-default\">About the Experience<\/h3>\t\t<\/div>\n\t\t\t\t<\/div>\n\t\t\t\t<div class=\"elementor-element elementor-element-e5869ab elementor-widget elementor-widget-text-editor\" data-id=\"e5869ab\" data-element_type=\"widget\" data-widget_type=\"text-editor.default\">\n\t\t\t\t<div class=\"elementor-widget-container\">\n\t\t\t\t\t\t\t<p data-start=\"216\" data-end=\"549\">Set in the heart of Gothenburg, <strong data-start=\"248\" data-end=\"277\">Universeum Science Centre<\/strong> offers a truly unforgettable experience for our conference social dinner. As Scandinavia\u2019s largest science center, Universeum combines futuristic architecture with immersive natural environments, creating a spectacular backdrop for an evening of discovery and connection.<\/p><h4 data-start=\"551\" data-end=\"576\">Atmosphere &amp; Setting<\/h4><p data-start=\"577\" data-end=\"1043\">Universeum\u2019s unique ambiance brings guests into a world where rainforest canopies meet panoramic city views. The venue\u2019s striking glass fa\u00e7ades and open, airy spaces are surrounded by lush greenery and living exhibits, offering a vibrant, interactive setting for mingling and dining. As night falls, the center transforms\u2014soft lighting, dramatic vistas, and the gentle sounds of its indoor waterfalls set the stage for memorable conversations and shared inspiration.<\/p><h4 data-start=\"1045\" data-end=\"1083\">A Fusion of Science &amp; Socializing<\/h4><p data-start=\"1084\" data-end=\"1447\">From its soaring entrance atrium to the wonders of the Ocean Zone and Rainforest Hall, Universeum invites you to explore, connect, and celebrate. The venue\u2019s playful spirit and innovative design mirror Gothenburg\u2019s forward-thinking energy, while its dedication to education and curiosity makes it a gathering place for dreamers, makers, and explorers of all ages.<\/p>\t\t\t\t\t\t<\/div>\n\t\t\t\t<\/div>\n\t\t\t\t<\/div>\n\t\t\t\t<\/div>\n\t\t\t\t\t<\/div>\n\t\t\t\t<\/div>\n\t\t<div class=\"elementor-element elementor-element-276816a e-flex e-con-boxed e-con e-parent\" data-id=\"276816a\" data-element_type=\"container\">\n\t\t\t\t\t<div class=\"e-con-inner\">\n\t\t\t\t<div class=\"elementor-element elementor-element-38558f1 elementor-widget elementor-widget-spacer\" data-id=\"38558f1\" data-element_type=\"widget\" data-widget_type=\"spacer.default\">\n\t\t\t\t<div class=\"elementor-widget-container\">\n\t\t\t\t\t<div class=\"elementor-spacer\">\n\t\t\t<div class=\"elementor-spacer-inner\"><\/div>\n\t\t<\/div>\n\t\t\t\t<\/div>\n\t\t\t\t<\/div>\n\t\t\t\t\t<\/div>\n\t\t\t\t<\/div>\n\t\t<div class=\"elementor-element elementor-element-5def8a9 e-flex e-con-boxed e-con e-parent\" data-id=\"5def8a9\" data-element_type=\"container\">\n\t\t\t\t\t<div class=\"e-con-inner\">\n\t\t\t\t<div class=\"elementor-element elementor-element-d5aa1e8 elementor-widget elementor-widget-image\" data-id=\"d5aa1e8\" data-element_type=\"widget\" data-widget_type=\"image.default\">\n\t\t\t\t<div class=\"elementor-widget-container\">\n\t\t\t\t\t\t\t\t\t\t\t\t\t<img fetchpriority=\"high\" decoding=\"async\" width=\"2560\" height=\"2560\" src=\"https:\/\/www.um.org\/umap2026\/wp-content\/uploads\/2025\/07\/MixCollage-13-Jul-2025-05-54-PM-4172-1-scaled.jpg\" class=\"attachment-full size-full wp-image-3811\" alt=\"\" srcset=\"https:\/\/www.um.org\/umap2026\/wp-content\/uploads\/2025\/07\/MixCollage-13-Jul-2025-05-54-PM-4172-1-scaled.jpg 2560w, https:\/\/www.um.org\/umap2026\/wp-content\/uploads\/2025\/07\/MixCollage-13-Jul-2025-05-54-PM-4172-1-300x300.jpg 300w, https:\/\/www.um.org\/umap2026\/wp-content\/uploads\/2025\/07\/MixCollage-13-Jul-2025-05-54-PM-4172-1-1024x1024.jpg 1024w, https:\/\/www.um.org\/umap2026\/wp-content\/uploads\/2025\/07\/MixCollage-13-Jul-2025-05-54-PM-4172-1-150x150.jpg 150w, https:\/\/www.um.org\/umap2026\/wp-content\/uploads\/2025\/07\/MixCollage-13-Jul-2025-05-54-PM-4172-1-768x768.jpg 768w, https:\/\/www.um.org\/umap2026\/wp-content\/uploads\/2025\/07\/MixCollage-13-Jul-2025-05-54-PM-4172-1-1536x1536.jpg 1536w, https:\/\/www.um.org\/umap2026\/wp-content\/uploads\/2025\/07\/MixCollage-13-Jul-2025-05-54-PM-4172-1-2048x2048.jpg 2048w\" sizes=\"(max-width: 2560px) 100vw, 2560px\" \/>\t\t\t\t\t\t\t\t\t\t\t\t\t<\/div>\n\t\t\t\t<\/div>\n\t\t\t\t\t<\/div>\n\t\t\t\t<\/div>\n\t\t<div class=\"elementor-element elementor-element-bca3e8a e-con-full e-flex e-con e-parent\" data-id=\"bca3e8a\" data-element_type=\"container\">\n\t\t\t\t<div class=\"elementor-element elementor-element-948423d elementor-widget elementor-widget-spacer\" data-id=\"948423d\" data-element_type=\"widget\" data-widget_type=\"spacer.default\">\n\t\t\t\t<div class=\"elementor-widget-container\">\n\t\t\t\t\t<div class=\"elementor-spacer\">\n\t\t\t<div class=\"elementor-spacer-inner\"><\/div>\n\t\t<\/div>\n\t\t\t\t<\/div>\n\t\t\t\t<\/div>\n\t\t\t\t<\/div>\n\t\t<div class=\"elementor-element elementor-element-810d696 umap-ast-container e-flex e-con-boxed e-con e-parent\" data-id=\"810d696\" data-element_type=\"container\" data-settings=\"{&quot;animation&quot;:&quot;none&quot;}\">\n\t\t\t\t\t<div class=\"e-con-inner\">\n\t\t<div class=\"elementor-element elementor-element-944d351 e-con-full e-flex e-con e-child\" data-id=\"944d351\" data-element_type=\"container\">\n\t\t\t\t<div class=\"elementor-element elementor-element-ccf591b heading-bottom-margin elementor-widget elementor-widget-heading\" data-id=\"ccf591b\" data-element_type=\"widget\" data-widget_type=\"heading.default\">\n\t\t\t\t<div class=\"elementor-widget-container\">\n\t\t\t<h3 class=\"elementor-heading-title elementor-size-default\">Contact<\/h3>\t\t<\/div>\n\t\t\t\t<\/div>\n\t\t<div class=\"elementor-element elementor-element-f331555 e-con-full e-flex e-con e-child\" data-id=\"f331555\" data-element_type=\"container\">\n\t\t\t\t<div class=\"elementor-element elementor-element-c39ba5f elementor-widget elementor-widget-text-editor\" data-id=\"c39ba5f\" data-element_type=\"widget\" data-widget_type=\"text-editor.default\">\n\t\t\t\t<div class=\"elementor-widget-container\">\n\t\t\t\t\t\t\t<p>For any questions, please contact the conference organizers at <a href=\"mailto:umap2026-general@um.org\">umap2026-general@um.org<\/a><\/p>\t\t\t\t\t\t<\/div>\n\t\t\t\t<\/div>\n\t\t\t\t<\/div>\n\t\t\t\t<\/div>\n\t\t\t\t\t<\/div>\n\t\t\t\t<\/div>\n\t\t<div class=\"elementor-element elementor-element-a066df0 e-con-full e-flex e-con e-parent\" data-id=\"a066df0\" data-element_type=\"container\">\n\t\t\t\t<div class=\"elementor-element elementor-element-7b434a7 elementor-widget elementor-widget-spacer\" data-id=\"7b434a7\" data-element_type=\"widget\" data-widget_type=\"spacer.default\">\n\t\t\t\t<div class=\"elementor-widget-container\">\n\t\t\t\t\t<div class=\"elementor-spacer\">\n\t\t\t<div class=\"elementor-spacer-inner\"><\/div>\n\t\t<\/div>\n\t\t\t\t<\/div>\n\t\t\t\t<\/div>\n\t\t\t\t<\/div>\n\t\t\t\t<\/div>\n\t\t","protected":false},"excerpt":{"rendered":"<p>Social Events Conference Dinner Venue: Universeum Science CenterAddress: S\u00f6dra V\u00e4gen 50, 400 20 G\u00f6teborgTransport: The closest public transport stop is [&hellip;]<\/p>\n","protected":false},"author":1,"featured_media":0,"parent":0,"menu_order":0,"comment_status":"closed","ping_status":"closed","template":"elementor_header_footer","meta":{"site-sidebar-layout":"no-sidebar","site-content-layout":"","ast-site-content-layout":"full-width-container","site-content-style":"default","site-sidebar-style":"default","ast-global-header-display":"","ast-banner-title-visibility":"","ast-main-header-display":"","ast-hfb-above-header-display":"","ast-hfb-below-header-display":"","ast-hfb-mobile-header-display":"","site-post-title":"disabled","ast-breadcrumbs-content":"","ast-featured-img":"disabled","footer-sml-layout":"","theme-transparent-header-meta":"","adv-header-id-meta":"","stick-header-meta":"","header-above-stick-meta":"","header-main-stick-meta":"","header-below-stick-meta":"","astra-migrate-meta-layouts":"default","ast-page-background-enabled":"default","ast-page-background-meta":{"desktop":{"background-color":"var(--ast-global-color-4)","background-image":"","background-repeat":"repeat","background-position":"center center","background-size":"auto","background-attachment":"scroll","background-type":"","background-media":"","overlay-type":"","overlay-color":"","overlay-opacity":"","overlay-gradient":""},"tablet":{"background-color":"","background-image":"","background-repeat":"repeat","background-position":"center center","background-size":"auto","background-attachment":"scroll","background-type":"","background-media":"","overlay-type":"","overlay-color":"","overlay-opacity":"","overlay-gradient":""},"mobile":{"background-color":"","background-image":"","background-repeat":"repeat","background-position":"center center","background-size":"auto","background-attachment":"scroll","background-type":"","background-media":"","overlay-type":"","overlay-color":"","overlay-opacity":"","overlay-gradient":""}},"ast-content-background-meta":{"desktop":{"background-color":"var(--ast-global-color-5)","background-image":"","background-repeat":"repeat","background-position":"center center","background-size":"auto","background-attachment":"scroll","background-type":"","background-media":"","overlay-type":"","overlay-color":"","overlay-opacity":"","overlay-gradient":""},"tablet":{"background-color":"var(--ast-global-color-5)","background-image":"","background-repeat":"repeat","background-position":"center center","background-size":"auto","background-attachment":"scroll","background-type":"","background-media":"","overlay-type":"","overlay-color":"","overlay-opacity":"","overlay-gradient":""},"mobile":{"background-color":"var(--ast-global-color-5)","background-image":"","background-repeat":"repeat","background-position":"center center","background-size":"auto","background-attachment":"scroll","background-type":"","background-media":"","overlay-type":"","overlay-color":"","overlay-opacity":"","overlay-gradient":""}},"footnotes":""},"class_list":["post-3475","page","type-page","status-publish","hentry"],"yoast_head":"<!-- This site is optimized with the Yoast SEO plugin v26.6 - https:\/\/yoast.com\/wordpress\/plugins\/seo\/ -->\n<title>Social Event\u200b - ACM UMAP 2026<\/title>\n<meta name=\"robots\" content=\"index, follow, max-snippet:-1, max-image-preview:large, max-video-preview:-1\" \/>\n<link rel=\"canonical\" href=\"https:\/\/www.um.org\/umap2026\/social-events\/\" \/>\n<meta property=\"og:locale\" content=\"en_US\" \/>\n<meta property=\"og:type\" content=\"article\" \/>\n<meta property=\"og:title\" content=\"Social Event\u200b - ACM UMAP 2026\" \/>\n<meta property=\"og:description\" content=\"Social Events Conference Dinner Venue: Universeum Science CenterAddress: S\u00f6dra V\u00e4gen 50, 400 20 G\u00f6teborgTransport: The closest public transport stop is [&hellip;]\" \/>\n<meta property=\"og:url\" content=\"https:\/\/www.um.org\/umap2026\/social-events\/\" \/>\n<meta property=\"og:site_name\" content=\"ACM UMAP 2026\" \/>\n<meta property=\"article:modified_time\" content=\"2026-02-01T20:32:47+00:00\" \/>\n<meta property=\"og:image\" content=\"https:\/\/www.um.org\/umap2026\/wp-content\/uploads\/2025\/07\/MixCollage-13-Jul-2025-05-54-PM-4172-1-scaled.jpg\" \/>\n\t<meta property=\"og:image:width\" content=\"2560\" \/>\n\t<meta property=\"og:image:height\" content=\"2560\" \/>\n\t<meta property=\"og:image:type\" content=\"image\/jpeg\" \/>\n<meta name=\"twitter:card\" content=\"summary_large_image\" \/>\n<meta name=\"twitter:label1\" content=\"Est. reading time\" \/>\n\t<meta name=\"twitter:data1\" content=\"2 minutes\" \/>\n<script type=\"application\/ld+json\" class=\"yoast-schema-graph\">{\"@context\":\"https:\/\/schema.org\",\"@graph\":[{\"@type\":\"WebPage\",\"@id\":\"https:\/\/www.um.org\/umap2026\/social-events\/\",\"url\":\"https:\/\/www.um.org\/umap2026\/social-events\/\",\"name\":\"Social Event\u200b - ACM UMAP 2026\",\"isPartOf\":{\"@id\":\"https:\/\/www.um.org\/umap2026\/#website\"},\"primaryImageOfPage\":{\"@id\":\"https:\/\/www.um.org\/umap2026\/social-events\/#primaryimage\"},\"image\":{\"@id\":\"https:\/\/www.um.org\/umap2026\/social-events\/#primaryimage\"},\"thumbnailUrl\":\"https:\/\/www.um.org\/umap2026\/wp-content\/uploads\/2025\/07\/MixCollage-13-Jul-2025-05-54-PM-4172-1-scaled.jpg\",\"datePublished\":\"2025-05-21T21:43:10+00:00\",\"dateModified\":\"2026-02-01T20:32:47+00:00\",\"breadcrumb\":{\"@id\":\"https:\/\/www.um.org\/umap2026\/social-events\/#breadcrumb\"},\"inLanguage\":\"en-US\",\"potentialAction\":[{\"@type\":\"ReadAction\",\"target\":[\"https:\/\/www.um.org\/umap2026\/social-events\/\"]}]},{\"@type\":\"ImageObject\",\"inLanguage\":\"en-US\",\"@id\":\"https:\/\/www.um.org\/umap2026\/social-events\/#primaryimage\",\"url\":\"https:\/\/www.um.org\/umap2026\/wp-content\/uploads\/2025\/07\/MixCollage-13-Jul-2025-05-54-PM-4172-1-scaled.jpg\",\"contentUrl\":\"https:\/\/www.um.org\/umap2026\/wp-content\/uploads\/2025\/07\/MixCollage-13-Jul-2025-05-54-PM-4172-1-scaled.jpg\",\"width\":2560,\"height\":2560},{\"@type\":\"BreadcrumbList\",\"@id\":\"https:\/\/www.um.org\/umap2026\/social-events\/#breadcrumb\",\"itemListElement\":[{\"@type\":\"ListItem\",\"position\":1,\"name\":\"Home\",\"item\":\"https:\/\/www.um.org\/umap2026\/\"},{\"@type\":\"ListItem\",\"position\":2,\"name\":\"Social Event\u200b\"}]},{\"@type\":\"WebSite\",\"@id\":\"https:\/\/www.um.org\/umap2026\/#website\",\"url\":\"https:\/\/www.um.org\/umap2026\/\",\"name\":\"ACM UMAP 2026\",\"description\":\"\",\"publisher\":{\"@id\":\"https:\/\/www.um.org\/umap2026\/#organization\"},\"potentialAction\":[{\"@type\":\"SearchAction\",\"target\":{\"@type\":\"EntryPoint\",\"urlTemplate\":\"https:\/\/www.um.org\/umap2026\/?s={search_term_string}\"},\"query-input\":{\"@type\":\"PropertyValueSpecification\",\"valueRequired\":true,\"valueName\":\"search_term_string\"}}],\"inLanguage\":\"en-US\"},{\"@type\":\"Organization\",\"@id\":\"https:\/\/www.um.org\/umap2026\/#organization\",\"name\":\"ACM UMAP 2026\",\"url\":\"https:\/\/www.um.org\/umap2026\/\",\"logo\":{\"@type\":\"ImageObject\",\"inLanguage\":\"en-US\",\"@id\":\"https:\/\/www.um.org\/umap2026\/#\/schema\/logo\/image\/\",\"url\":\"https:\/\/www.um.org\/umap2026\/wp-content\/uploads\/2025\/03\/logo-uminc.png\",\"contentUrl\":\"https:\/\/www.um.org\/umap2026\/wp-content\/uploads\/2025\/03\/logo-uminc.png\",\"width\":200,\"height\":200,\"caption\":\"ACM UMAP 2026\"},\"image\":{\"@id\":\"https:\/\/www.um.org\/umap2026\/#\/schema\/logo\/image\/\"}}]}<\/script>\n<!-- \/ Yoast SEO plugin. -->","yoast_head_json":{"title":"Social Event\u200b - ACM UMAP 2026","robots":{"index":"index","follow":"follow","max-snippet":"max-snippet:-1","max-image-preview":"max-image-preview:large","max-video-preview":"max-video-preview:-1"},"canonical":"https:\/\/www.um.org\/umap2026\/social-events\/","og_locale":"en_US","og_type":"article","og_title":"Social Event\u200b - ACM UMAP 2026","og_description":"Social Events Conference Dinner Venue: Universeum Science CenterAddress: S\u00f6dra V\u00e4gen 50, 400 20 G\u00f6teborgTransport: The closest public transport stop is [&hellip;]","og_url":"https:\/\/www.um.org\/umap2026\/social-events\/","og_site_name":"ACM UMAP 2026","article_modified_time":"2026-02-01T20:32:47+00:00","og_image":[{"width":2560,"height":2560,"url":"https:\/\/www.um.org\/umap2026\/wp-content\/uploads\/2025\/07\/MixCollage-13-Jul-2025-05-54-PM-4172-1-scaled.jpg","type":"image\/jpeg"}],"twitter_card":"summary_large_image","twitter_misc":{"Est. reading time":"2 minutes"},"schema":{"@context":"https:\/\/schema.org","@graph":[{"@type":"WebPage","@id":"https:\/\/www.um.org\/umap2026\/social-events\/","url":"https:\/\/www.um.org\/umap2026\/social-events\/","name":"Social Event\u200b - ACM UMAP 2026","isPartOf":{"@id":"https:\/\/www.um.org\/umap2026\/#website"},"primaryImageOfPage":{"@id":"https:\/\/www.um.org\/umap2026\/social-events\/#primaryimage"},"image":{"@id":"https:\/\/www.um.org\/umap2026\/social-events\/#primaryimage"},"thumbnailUrl":"https:\/\/www.um.org\/umap2026\/wp-content\/uploads\/2025\/07\/MixCollage-13-Jul-2025-05-54-PM-4172-1-scaled.jpg","datePublished":"2025-05-21T21:43:10+00:00","dateModified":"2026-02-01T20:32:47+00:00","breadcrumb":{"@id":"https:\/\/www.um.org\/umap2026\/social-events\/#breadcrumb"},"inLanguage":"en-US","potentialAction":[{"@type":"ReadAction","target":["https:\/\/www.um.org\/umap2026\/social-events\/"]}]},{"@type":"ImageObject","inLanguage":"en-US","@id":"https:\/\/www.um.org\/umap2026\/social-events\/#primaryimage","url":"https:\/\/www.um.org\/umap2026\/wp-content\/uploads\/2025\/07\/MixCollage-13-Jul-2025-05-54-PM-4172-1-scaled.jpg","contentUrl":"https:\/\/www.um.org\/umap2026\/wp-content\/uploads\/2025\/07\/MixCollage-13-Jul-2025-05-54-PM-4172-1-scaled.jpg","width":2560,"height":2560},{"@type":"BreadcrumbList","@id":"https:\/\/www.um.org\/umap2026\/social-events\/#breadcrumb","itemListElement":[{"@type":"ListItem","position":1,"name":"Home","item":"https:\/\/www.um.org\/umap2026\/"},{"@type":"ListItem","position":2,"name":"Social Event\u200b"}]},{"@type":"WebSite","@id":"https:\/\/www.um.org\/umap2026\/#website","url":"https:\/\/www.um.org\/umap2026\/","name":"ACM UMAP 2026","description":"","publisher":{"@id":"https:\/\/www.um.org\/umap2026\/#organization"},"potentialAction":[{"@type":"SearchAction","target":{"@type":"EntryPoint","urlTemplate":"https:\/\/www.um.org\/umap2026\/?s={search_term_string}"},"query-input":{"@type":"PropertyValueSpecification","valueRequired":true,"valueName":"search_term_string"}}],"inLanguage":"en-US"},{"@type":"Organization","@id":"https:\/\/www.um.org\/umap2026\/#organization","name":"ACM UMAP 2026","url":"https:\/\/www.um.org\/umap2026\/","logo":{"@type":"ImageObject","inLanguage":"en-US","@id":"https:\/\/www.um.org\/umap2026\/#\/schema\/logo\/image\/","url":"https:\/\/www.um.org\/umap2026\/wp-content\/uploads\/2025\/03\/logo-uminc.png","contentUrl":"https:\/\/www.um.org\/umap2026\/wp-content\/uploads\/2025\/03\/logo-uminc.png","width":200,"height":200,"caption":"ACM UMAP 2026"},"image":{"@id":"https:\/\/www.um.org\/umap2026\/#\/schema\/logo\/image\/"}}]}},"_links":{"self":[{"href":"https:\/\/www.um.org\/umap2026\/wp-json\/wp\/v2\/pages\/3475","targetHints":{"allow":["GET"]}}],"collection":[{"href":"https:\/\/www.um.org\/umap2026\/wp-json\/wp\/v2\/pages"}],"about":[{"href":"https:\/\/www.um.org\/umap2026\/wp-json\/wp\/v2\/types\/page"}],"author":[{"embeddable":true,"href":"https:\/\/www.um.org\/umap2026\/wp-json\/wp\/v2\/users\/1"}],"replies":[{"embeddable":true,"href":"https:\/\/www.um.org\/umap2026\/wp-json\/wp\/v2\/comments?post=3475"}],"version-history":[{"count":30,"href":"https:\/\/www.um.org\/umap2026\/wp-json\/wp\/v2\/pages\/3475\/revisions"}],"predecessor-version":[{"id":4038,"href":"https:\/\/www.um.org\/umap2026\/wp-json\/wp\/v2\/pages\/3475\/revisions\/4038"}],"wp:attachment":[{"href":"https:\/\/www.um.org\/umap2026\/wp-json\/wp\/v2\/media?parent=3475"}],"curies":[{"name":"wp","href":"https:\/\/api.w.org\/{rel}","templated":true}]}}